{"id":42466,"date":"2026-05-03T16:08:10","date_gmt":"2026-05-03T20:08:10","guid":{"rendered":"https:\/\/tourdesarts.com\/2026-map\/"},"modified":"2026-05-16T10:34:46","modified_gmt":"2026-05-16T14:34:46","slug":"2026-map","status":"publish","type":"page","link":"https:\/\/tourdesarts.com\/en\/2026-map\/","title":{"rendered":"2026 Map"},"content":{"rendered":"\n<h1>\n\t\t\tTour des Arts 2026 Map\t<\/h1>\n\t<link rel=\"stylesheet\" href=\"https:\/\/unpkg.com\/leaflet@1.9.4\/dist\/leaflet.css\"\/>\n<link rel=\"stylesheet\" href=\"https:\/\/unpkg.com\/leaflet.markercluster@1.5.3\/dist\/MarkerCluster.css\"\/>\n<link rel=\"stylesheet\" href=\"https:\/\/unpkg.com\/leaflet.markercluster@1.5.3\/dist\/MarkerCluster.Default.css\"\/>\n<style>\n  #carte-tour {\n    width: 100%;\n    height: 600px;\n    border-radius: 8px;\n  }\n  .filtres {\n    display: flex;\n    gap: 12px;\n    margin-bottom: 12px;\n  }\n  .filtre-btn {\n    padding: 8px 20px;\n    border: 2px solid #74811c;\n    border-radius: 20px;\n    background: #74811c;\n    color: white;\n    cursor: pointer;\n    font-size: 14px;\n    font-family: sans-serif;\n    transition: all 0.2s;\n  }\n  .filtre-btn.actif {\n    background: #c1d72e;\n    border-color: #c1d72e;\n    color: #333;\n  }\n  .legende {\n    display: flex;\n    gap: 24px;\n    margin-bottom: 12px;\n    font-size: 14px;\n    align-items: center;\n  }\n  .legende-item {\n    display: flex;\n    align-items: center;\n    gap: 8px;\n  }\n  .pastille {\n    width: 28px;\n    height: 28px;\n    border-radius: 50%;\n    color: white;\n    display: flex;\n    align-items: center;\n    justify-content: center;\n    font-weight: bold;\n    font-size: 11px;\n    flex-shrink: 0;\n  }\n  .popup-artiste img,\n  .popup-commanditaire img {\n    width: 100%;\n    height: 140px;\n    object-fit: cover;\n    border-radius: 4px;\n    margin-bottom: 8px;\n  }\n  .popup-artiste,\n  .popup-commanditaire {\n    width: 200px;\n    font-size: 13px;\n  }\n  .popup-artiste h4,\n  .popup-commanditaire h4 {\n    margin: 0 0 4px 0;\n    font-size: 14px;\n  }\n  .popup-artiste a,\n  .popup-commanditaire a {\n    display: inline-block;\n    margin-top: 6px;\n    color: #5d4fa1;\n    font-weight: bold;\n    text-decoration: none;\n  }\n<\/style>\n  <button onclick=\"filtrer('tous', this)\">All<\/button>\n<button onclick=\"filtrer('artistes', this)\">Artists<\/button>\n<button onclick=\"filtrer('commanditaires', this)\">Sponsors<\/button>\n    Artists Studios\n    Sponsors\n\n","protected":false},"excerpt":{"rendered":"<p>Tour des Arts 2026 Map All Artists Sponsors Artists Studios Sponsors<\/p>\n","protected":false},"author":2,"featured_media":0,"parent":0,"menu_order":0,"comment_status":"closed","ping_status":"closed","template":"","meta":{"_acf_changed":false,"footnotes":""},"class_list":["post-42466","page","type-page","status-publish","hentry"],"acf":[],"yoast_head":"<!-- This site is optimized with the Yoast SEO plugin v27.6 - https:\/\/yoast.com\/product\/yoast-seo-wordpress\/ -->\n<title>Tour des Arts : 2026 Map<\/title>\n<meta name=\"robots\" content=\"index, follow, max-snippet:-1, max-image-preview:large, max-video-preview:-1\" \/>\n<link rel=\"canonical\" href=\"https:\/\/tourdesarts.com\/en\/2026-map\/\" \/>\n<meta property=\"og:locale\" content=\"en_US\" \/>\n<meta property=\"og:type\" content=\"article\" \/>\n<meta property=\"og:title\" content=\"Tour des Arts : 2026 Map\" \/>\n<meta property=\"og:description\" content=\"Tour des Arts 2026 Map All Artists Sponsors Artists Studios Sponsors\" \/>\n<meta property=\"og:url\" content=\"https:\/\/tourdesarts.com\/en\/2026-map\/\" \/>\n<meta property=\"og:site_name\" content=\"Tour des Arts\" \/>\n<meta property=\"article:publisher\" content=\"https:\/\/www.facebook.com\/letourdesarts\/\" \/>\n<meta property=\"article:modified_time\" content=\"2026-05-16T14:34:46+00:00\" \/>\n<meta name=\"twitter:card\" content=\"summary_large_image\" \/>\n<script type=\"application\/ld+json\" class=\"yoast-schema-graph\">{\"@context\":\"https:\\\/\\\/schema.org\",\"@graph\":[{\"@type\":\"WebPage\",\"@id\":\"https:\\\/\\\/tourdesarts.com\\\/en\\\/2026-map\\\/\",\"url\":\"https:\\\/\\\/tourdesarts.com\\\/en\\\/2026-map\\\/\",\"name\":\"Tour des Arts : 2026 Map\",\"isPartOf\":{\"@id\":\"https:\\\/\\\/tourdesarts.com\\\/en\\\/#website\"},\"datePublished\":\"2026-05-03T20:08:10+00:00\",\"dateModified\":\"2026-05-16T14:34:46+00:00\",\"breadcrumb\":{\"@id\":\"https:\\\/\\\/tourdesarts.com\\\/en\\\/2026-map\\\/#breadcrumb\"},\"inLanguage\":\"en-US\",\"potentialAction\":[{\"@type\":\"ReadAction\",\"target\":[\"https:\\\/\\\/tourdesarts.com\\\/en\\\/2026-map\\\/\"]}]},{\"@type\":\"BreadcrumbList\",\"@id\":\"https:\\\/\\\/tourdesarts.com\\\/en\\\/2026-map\\\/#breadcrumb\",\"itemListElement\":[{\"@type\":\"ListItem\",\"position\":1,\"name\":\"Accueil\",\"item\":\"https:\\\/\\\/tourdesarts.com\\\/en\\\/home\\\/\"},{\"@type\":\"ListItem\",\"position\":2,\"name\":\"2026 Map\"}]},{\"@type\":\"WebSite\",\"@id\":\"https:\\\/\\\/tourdesarts.com\\\/en\\\/#website\",\"url\":\"https:\\\/\\\/tourdesarts.com\\\/en\\\/\",\"name\":\"Tour des Arts\",\"description\":\"Venez c\u00e9l\u00e9brer la prochaine \u00e9dition du Tour des Arts dans les magnifiques Cantons de l\u2019Est du Qu\u00e9bec et d\u00e9couvrez des artistes et artisans \u00e0 l\u2019\u0153uvre dans leurs ateliers!\",\"publisher\":{\"@id\":\"https:\\\/\\\/tourdesarts.com\\\/en\\\/#organization\"},\"potentialAction\":[{\"@type\":\"SearchAction\",\"target\":{\"@type\":\"EntryPoint\",\"urlTemplate\":\"https:\\\/\\\/tourdesarts.com\\\/en\\\/?s={search_term_string}\"},\"query-input\":{\"@type\":\"PropertyValueSpecification\",\"valueRequired\":true,\"valueName\":\"search_term_string\"}}],\"inLanguage\":\"en-US\"},{\"@type\":\"Organization\",\"@id\":\"https:\\\/\\\/tourdesarts.com\\\/en\\\/#organization\",\"name\":\"Tour des Arts\",\"url\":\"https:\\\/\\\/tourdesarts.com\\\/en\\\/\",\"logo\":{\"@type\":\"ImageObject\",\"inLanguage\":\"en-US\",\"@id\":\"https:\\\/\\\/tourdesarts.com\\\/en\\\/#\\\/schema\\\/logo\\\/image\\\/\",\"url\":\"https:\\\/\\\/tourdesarts.com\\\/wp-content\\\/uploads\\\/2017\\\/05\\\/icone-du-site.png\",\"contentUrl\":\"https:\\\/\\\/tourdesarts.com\\\/wp-content\\\/uploads\\\/2017\\\/05\\\/icone-du-site.png\",\"width\":512,\"height\":512,\"caption\":\"Tour des Arts\"},\"image\":{\"@id\":\"https:\\\/\\\/tourdesarts.com\\\/en\\\/#\\\/schema\\\/logo\\\/image\\\/\"},\"sameAs\":[\"https:\\\/\\\/www.facebook.com\\\/letourdesarts\\\/\",\"https:\\\/\\\/www.instagram.com\\\/letourdesarts\\\/\"]}]}<\/script>\n<!-- \/ Yoast SEO plugin. -->","yoast_head_json":{"title":"Tour des Arts : 2026 Map","robots":{"index":"index","follow":"follow","max-snippet":"max-snippet:-1","max-image-preview":"max-image-preview:large","max-video-preview":"max-video-preview:-1"},"canonical":"https:\/\/tourdesarts.com\/en\/2026-map\/","og_locale":"en_US","og_type":"article","og_title":"Tour des Arts : 2026 Map","og_description":"Tour des Arts 2026 Map All Artists Sponsors Artists Studios Sponsors","og_url":"https:\/\/tourdesarts.com\/en\/2026-map\/","og_site_name":"Tour des Arts","article_publisher":"https:\/\/www.facebook.com\/letourdesarts\/","article_modified_time":"2026-05-16T14:34:46+00:00","twitter_card":"summary_large_image","schema":{"@context":"https:\/\/schema.org","@graph":[{"@type":"WebPage","@id":"https:\/\/tourdesarts.com\/en\/2026-map\/","url":"https:\/\/tourdesarts.com\/en\/2026-map\/","name":"Tour des Arts : 2026 Map","isPartOf":{"@id":"https:\/\/tourdesarts.com\/en\/#website"},"datePublished":"2026-05-03T20:08:10+00:00","dateModified":"2026-05-16T14:34:46+00:00","breadcrumb":{"@id":"https:\/\/tourdesarts.com\/en\/2026-map\/#breadcrumb"},"inLanguage":"en-US","potentialAction":[{"@type":"ReadAction","target":["https:\/\/tourdesarts.com\/en\/2026-map\/"]}]},{"@type":"BreadcrumbList","@id":"https:\/\/tourdesarts.com\/en\/2026-map\/#breadcrumb","itemListElement":[{"@type":"ListItem","position":1,"name":"Accueil","item":"https:\/\/tourdesarts.com\/en\/home\/"},{"@type":"ListItem","position":2,"name":"2026 Map"}]},{"@type":"WebSite","@id":"https:\/\/tourdesarts.com\/en\/#website","url":"https:\/\/tourdesarts.com\/en\/","name":"Tour des Arts","description":"Venez c\u00e9l\u00e9brer la prochaine \u00e9dition du Tour des Arts dans les magnifiques Cantons de l\u2019Est du Qu\u00e9bec et d\u00e9couvrez des artistes et artisans \u00e0 l\u2019\u0153uvre dans leurs ateliers!","publisher":{"@id":"https:\/\/tourdesarts.com\/en\/#organization"},"potentialAction":[{"@type":"SearchAction","target":{"@type":"EntryPoint","urlTemplate":"https:\/\/tourdesarts.com\/en\/?s={search_term_string}"},"query-input":{"@type":"PropertyValueSpecification","valueRequired":true,"valueName":"search_term_string"}}],"inLanguage":"en-US"},{"@type":"Organization","@id":"https:\/\/tourdesarts.com\/en\/#organization","name":"Tour des Arts","url":"https:\/\/tourdesarts.com\/en\/","logo":{"@type":"ImageObject","inLanguage":"en-US","@id":"https:\/\/tourdesarts.com\/en\/#\/schema\/logo\/image\/","url":"https:\/\/tourdesarts.com\/wp-content\/uploads\/2017\/05\/icone-du-site.png","contentUrl":"https:\/\/tourdesarts.com\/wp-content\/uploads\/2017\/05\/icone-du-site.png","width":512,"height":512,"caption":"Tour des Arts"},"image":{"@id":"https:\/\/tourdesarts.com\/en\/#\/schema\/logo\/image\/"},"sameAs":["https:\/\/www.facebook.com\/letourdesarts\/","https:\/\/www.instagram.com\/letourdesarts\/"]}]}},"_links":{"self":[{"href":"https:\/\/tourdesarts.com\/en\/wp-json\/wp\/v2\/pages\/42466","targetHints":{"allow":["GET"]}}],"collection":[{"href":"https:\/\/tourdesarts.com\/en\/wp-json\/wp\/v2\/pages"}],"about":[{"href":"https:\/\/tourdesarts.com\/en\/wp-json\/wp\/v2\/types\/page"}],"author":[{"embeddable":true,"href":"https:\/\/tourdesarts.com\/en\/wp-json\/wp\/v2\/users\/2"}],"replies":[{"embeddable":true,"href":"https:\/\/tourdesarts.com\/en\/wp-json\/wp\/v2\/comments?post=42466"}],"version-history":[{"count":4,"href":"https:\/\/tourdesarts.com\/en\/wp-json\/wp\/v2\/pages\/42466\/revisions"}],"predecessor-version":[{"id":42472,"href":"https:\/\/tourdesarts.com\/en\/wp-json\/wp\/v2\/pages\/42466\/revisions\/42472"}],"wp:attachment":[{"href":"https:\/\/tourdesarts.com\/en\/wp-json\/wp\/v2\/media?parent=42466"}],"curies":[{"name":"wp","href":"https:\/\/api.w.org\/{rel}","templated":true}]}}