{"id":20642,"date":"2017-05-15T12:54:38","date_gmt":"2017-05-15T16:54:38","guid":{"rendered":"https:\/\/tourdesarts.com\/events\/"},"modified":"2026-04-01T17:47:14","modified_gmt":"2026-04-01T21:47:14","slug":"events","status":"publish","type":"page","link":"https:\/\/tourdesarts.com\/en\/events\/","title":{"rendered":"Events"},"content":{"rendered":"\n<h1>\n\t\tEvening Events around the Tour des Arts 2025\n\t<\/h1>\n<h3>\n\t\tSaturday July 12, 2025\n\t<\/h3>\n<h4>\n\t\tFrom 7 pm to 9 pm\n\t<\/h4>\n\t\t\t\t<img loading=\"lazy\" decoding=\"async\" src=\"https:\/\/tourdesarts.com\/wp-content\/uploads\/2025\/03\/Honeysuckle_Sisters_2024-1.jpg\" alt=\"Honeysuckle_Sisters_2024\" itemprop=\"image\" height=\"1714\" width=\"2000\" title=\"Honeysuckle_Sisters_2024\" onerror=\"this.style.display='none'\"  \/>\n<h4>\n\t\tHONEYSUCKLE SISTERS\n\t<\/h4>\n<h5>\n\t\tWITH MARIE-NEIGE CHATELAIN, LAURA BARR, ALMUT ELLINGHAUS, STANLEY LAKE, MICHAEL HYNES\n\t<\/h5>\n\t<p>Vocal harmonies from the golden age of swing, engaging Latin rhythms, contemporary covers and original compositions.<\/p>\n\t<strong>RSVP<\/strong><br \/>\n<a href=\"tel:5795318777\">579 531-8777<\/a>\n<strong>Info<\/strong>:<br \/>\n<a href=\"mailto:almutjazz@gmail.com\">almutjazz@gmail.com<\/a><br \/>\n<a href=\"tel:4507754189\">450 775-4189<\/a>\n<h3>\n\t\tSunday July 13, 2025\n\t<\/h3>\n<h4>\n\t\tFrom 5 pm to 6 pm\n\t<\/h4>\n\t\t\t\t<img loading=\"lazy\" decoding=\"async\" src=\"https:\/\/tourdesarts.com\/wp-content\/uploads\/2025\/03\/tour-des-arts-vivarte-web-1.jpg\" alt=\"tour-des-arts-vivarte-web\" itemprop=\"image\" height=\"1334\" width=\"2000\" title=\"tour-des-arts-vivarte-web\" onerror=\"this.style.display='none'\"  \/>\n<h4>\n\t\tA SUMMER-COLOURED MUSICAL JOURNEY &#8211; ONDES MARTENOT &amp; PIANO CONCERT!\n\t<\/h4>\n<h5>\n\t\tWITH GEN&#8217;VI\u00c8VE GRENIER AND SERGE-ANDR\u00c9 JONES\n\t<\/h5>\n\t<p>Musical journey to the heart of your emotions and feelings in order to leave their subtle imprint on your inner canvas.<\/p>\n\t<strong>Info<\/strong>:<br \/>\n<a href=\"mailto:gegrenier18@hotmail.com\">gegrenier18@hotmail.com<\/a><br \/>\n<a href=\"tel:5142661089\">514 266-1089<\/a>\n<h3>\n\t\tSunday July 13, 2025\n\t<\/h3>\n<h4>\n\t\tFrom 7:30 pm to 9 pm\n\t<\/h4>\n\t\t\t\t<img loading=\"lazy\" decoding=\"async\" src=\"https:\/\/tourdesarts.com\/wp-content\/uploads\/2025\/03\/AlmutEllinghaus41-1.jpg\" alt=\"AlmutEllinghaus41\" itemprop=\"image\" height=\"1334\" width=\"2000\" title=\"AlmutEllinghaus41\" onerror=\"this.style.display='none'\"  \/>\n<h4>\n\t\tALMUT ELLINGHAUS ENSEMBLE\n\t<\/h4>\n<h5>\n\t\tAVEC ALMUT ELLINGHAUS (voice), <br \/>STANLEY LAKE (trumpet), <br \/>CLAUDE PRUD&#8217;HOMME (guitar), <br \/>MICHAEL HYNES (keyboard)\n\t<\/h5>\n\t<p>Jazz standards and original compositions: an intimate show full of surprises, humor, sweetness and magical moments!<\/p>\n\t<strong>Info<\/strong>:<br \/>\n<a href=\"mailto:almutjazz@gmail.com\">almutjazz@gmail.com<\/a><br \/>\n<a href=\"tel:4507754189\">450 775-4189<\/a>\n<h3>\n\t\tTuesday July 15, 2025\n\t<\/h3>\n<h4>\n\t\tFrom 7 pm tp 8 pm\n\t<\/h4>\n\t\t\t\t<img loading=\"lazy\" decoding=\"async\" src=\"https:\/\/tourdesarts.com\/wp-content\/uploads\/2025\/04\/Nicholas-Kerr-2021-02-23-at-10.10.28-AM.jpg\" alt=\"Nicholas-Kerr-2021-02-23-at-10.10.28-AM\" itemprop=\"image\" height=\"1334\" width=\"2000\" title=\"Nicholas-Kerr-2021-02-23-at-10.10.28-AM\" onerror=\"this.style.display='none'\"  \/>\n<h4>\n\t\tNICHOLAS AND FRIENDS\n\t<\/h4>\n<h5>\n\t\tWITH NICHOLAS KERR BARR AND LOCAL INVITED ARTISTS\n\t<\/h5>\n\t<p>Clarinet and vocal music accompanied by piano. Fundraiser concert for St.Paul&#8217;s church.<\/p>\n\t<strong>Info<\/strong>:<br \/>\n<a href=\"mailto:nicholaskerrbarr@gmail.com\">nicholaskerrbarr@gmail.com<\/a><br \/>\n<a href=\"tel:5144755095\">514 475-5095<\/a>\n<h3>\n\t\tWednesday July 16, 2025\n\t<\/h3>\n<h4>\n\t\tFrom 7 pm to 8:30 pm\n\t<\/h4>\n\t\t\t\t<img loading=\"lazy\" decoding=\"async\" src=\"https:\/\/tourdesarts.com\/wp-content\/uploads\/2025\/04\/5-cuivres-outdoors-close-up.jpg\" alt=\"5-cuivres-outdoors-close-up\" itemprop=\"image\" height=\"1175\" width=\"2000\" title=\"5-cuivres-outdoors-close-up\" onerror=\"this.style.display='none'\"  \/>\n<h4>\n\t\tLES CINQ CUIVRES\n\t<\/h4>\n<h5>\n\t\tWITH FRANCOIS CLOUTIER (trumpet), MICHEL GUIGNET (trumpet), <br \/>CHRIS KERR (trombone), <br \/>STANLEY LAKE (fluegelhorn), <br \/>\u00c9DOUARD TOUCHETTE (tuba)\n\t<\/h5>\n\t<p>Performing the classics of Bach, Handel, Charpentier as well as contemporary and original compositions.<\/p>\n\t<strong>Info<\/strong>:<br \/>\n<a href=\"mailto:s.lake@granby.net\">s.lake@granby.net<\/a><br \/>\n<a href=\"tel:4502923835\">450 292-3835<\/a>\n<h3>\n\t\tThursday July 17, 2025\n\t<\/h3>\n<h4>\n\t\tFrom 7 pm to 9 pm\n\t<\/h4>\n\t\t\t\t<img loading=\"lazy\" decoding=\"async\" src=\"https:\/\/tourdesarts.com\/wp-content\/uploads\/2025\/03\/Hache-Gemme-1.jpg\" alt=\"Hache-Gemme\" itemprop=\"image\" height=\"1288\" width=\"1588\" title=\"Hache-Gemme\" onerror=\"this.style.display='none'\"  \/>\n<h4>\n\t\tHACH\u00c9 GEMME\n\t<\/h4>\n<h5>\n\t\tWITH DANIEL HACH\u00c9, PASCAL GEMME\n\t<\/h5>\n\t<p>This longtime friendship offers a contagious acoustique good time while tapping their feets to tunes mixed between Quebec and Acadia. Yeapeee ! <\/p>\n\t<strong>Info<\/strong>:<br \/>\n<a href=\"mailto:danielhache33@gmail.com\">danielhache33@gmail.com<\/a><br \/>\n<a href=\"tel:4502422533\">450 242-2533<\/a>\n<h3>\n\t\tFriday July 18, 2025\n\t<\/h3>\n<h4>\n\t\tFrom 7 pm to 9 pm\n\t<\/h4>\n\t\t\t\t<img loading=\"lazy\" decoding=\"async\" src=\"https:\/\/tourdesarts.com\/wp-content\/uploads\/2024\/05\/DIXIE_TRIO_WALKABOUT-1.jpg\" alt=\"DIXIE_TRIO_WALKABOUT-1\" itemprop=\"image\" height=\"960\" width=\"1280\" title=\"DIXIE_TRIO_WALKABOUT-1\" onerror=\"this.style.display='none'\"  \/>\n<h4>\n\t\tTHE HOMEBREW DIXIELAND BAND\n\t<\/h4>\n<h5>\n\t\tWITH STANLEY LAKE (cornet), <br \/>\u00c9DOUARD TOUCHETTE (trombone), <br \/>YLVIE GOUPIL (clarinet), <br \/>MICHAEL HYNES (piano), <br \/>CLAUDE PRUD&#8217;HOMME (guitar\/banjo)\n\t<\/h5>\n\t<p>Hand-clapping, toe-tapping music of New Orleans. Playing New Orleans Jazz in the Townships since 1998 ! <\/p>\n\t<strong>RSVP<\/strong><br \/>\n<a href=\"tel:4502439001\">450 243-9001<\/a>\n<strong>Info<\/strong>:<br \/>\n<a href=\"mailto:s.lake@granby.net\">s.lake@granby.net<\/a><br \/>\n<a href=\"tel:4502923835\">450 292-3835<\/a>\n<h3>\n\t\tFriday July 18, 2025\n\t<\/h3>\n<h4>\n\t\tFrom 6 pm to 8 pm\n\t<\/h4>\n\t\t\t\t<img loading=\"lazy\" decoding=\"async\" src=\"https:\/\/tourdesarts.com\/wp-content\/uploads\/2025\/04\/Velvet-Trio.jpg\" alt=\"Velvet-Trio\" itemprop=\"image\" height=\"1333\" width=\"2000\" title=\"Velvet-Trio\" onerror=\"this.style.display='none'\"  \/>\n<h4>\n\t\tVELVET MUSIC<br \/>BOSSA NOVA, SAMBA &amp; JAZZ VELOUT\u00c9\n\t<\/h4>\n<h5>\n\t\tWITH MARIE NEIGE CHATELAIN, <br \/>JACQUES BERGERON AND<br \/>CARLOS MALDONADO CISNEROS\n\t<\/h5>\n\t<p>Velvet Music shares their love for Bossa Nova, samba, and smooth, sensual rhythms. A musical journey in Portuguese, French, English, and Spanish. <\/p>\n\t<strong>RSVP<\/strong><br \/>\n<a href=\"tel:4505386188\">450 538-6188<\/a>\n<strong>Info<\/strong>:<br \/>\n<a href=\"mailto:maneigemasso@gmail.com\">maneigemasso@gmail.com<\/a><br \/>\n<a href=\"tel:5145757879\">514 575-7879<\/a>\n<h3>\n\t\tSaturday July 19, 2025\n\t<\/h3>\n<h4>\n\t\tFrom 8 pm to 9 pm\n\t<\/h4>\n\t\t\t\t<img loading=\"lazy\" decoding=\"async\" src=\"https:\/\/tourdesarts.com\/wp-content\/uploads\/2024\/05\/ByOurSide_web.jpg\" alt=\"ByOurSide_web\" itemprop=\"image\" height=\"960\" width=\"1200\" title=\"ByOurSide_web\" onerror=\"this.style.display='none'\"  \/>\n<h4>\n\t\tBy Our Side &#8211; An Entertaining Transplant Story \n\t<\/h4>\n<h5>\n\t\tWITH ANDREA CONWAY <br \/>AND WAYNE DOBA\n\t<\/h5>\n\t<p>A tap dance duo manage to laugh and pull at heartstrings while sharing their experience of sudden kidney failure.<\/p>\n<p><em>Show performed in English with some French<\/em><\/p>\n\t<strong>RSVP<\/strong><br \/>\n<a href=\"mailto:dikandmitzi@gmail.com\">dikandmitzi@gmail.com<\/a><br \/>\n<a href=\"tel:4505381816\">450 538-1816<\/a>\n\t\t\t\t<a href=\"https:\/\/suttonjazz.com\/\"  target=\"_blank\" rel=\"noopener\"  itemprop=\"url\">\n\t\t\t\t<img loading=\"lazy\" decoding=\"async\" src=\"https:\/\/tourdesarts.com\/wp-content\/uploads\/2024\/05\/Logo-SuttonJazz-2021-Web-carre-512.png\" alt=\"Logo-SuttonJazz-2021-Web-carre-512\" itemprop=\"image\" height=\"512\" width=\"512\" title=\"Logo-SuttonJazz-2021-Web-carre-512\" onerror=\"this.style.display='none'\"  \/>\n\t\t\t\t<\/a>\n\t<h3>In July<\/h3>\n<h5>WITH EASTERN-TOWNSHIPS MUSICIANS<\/h5>\n\t<p>Look at the programming on <a href=\"https:\/\/suttonjazz.com\/en\" target=\"_blank\" rel=\"noopener\">suttonjazz.com<\/a><\/p>\n\n","protected":false},"excerpt":{"rendered":"<p>Evening Events around the Tour des Arts 2025 Saturday July 12, 2025 From 7 pm to 9 pm HONEYSUCKLE SISTERS WITH MARIE-NEIGE CHATELAIN, LAURA BARR, ALMUT ELLINGHAUS, STANLEY LAKE, MICHAEL HYNES Vocal harmonies from the golden age of swing, engaging Latin rhythms, contemporary covers and original compositions. RSVP 579 531-8777 Info: almutjazz@gmail.com 450 775-4189 Sunday&hellip;<\/p>\n","protected":false},"author":2,"featured_media":0,"parent":0,"menu_order":50,"comment_status":"closed","ping_status":"closed","template":"","meta":{"_acf_changed":false,"footnotes":""},"class_list":["post-20642","page","type-page","status-publish","hentry"],"acf":[],"yoast_head":"<!-- This site is optimized with the Yoast SEO plugin v27.4 - https:\/\/yoast.com\/product\/yoast-seo-wordpress\/ -->\n<title>Tour des Arts : Various events around the Tour. Come visit us!<\/title>\n<meta name=\"description\" content=\"Come celebrate the Tour des Arts in the Eastern Townships and enjoy music, theater and dance at our evening events.\" \/>\n<meta name=\"robots\" content=\"index, follow, max-snippet:-1, max-image-preview:large, max-video-preview:-1\" \/>\n<link rel=\"canonical\" href=\"https:\/\/tourdesarts.com\/en\/events\/\" \/>\n<meta property=\"og:locale\" content=\"en_US\" \/>\n<meta property=\"og:type\" content=\"article\" \/>\n<meta property=\"og:title\" content=\"Events around the Tour des Arts\" \/>\n<meta property=\"og:description\" content=\"From July 11 to 19, 2026\" \/>\n<meta property=\"og:url\" content=\"https:\/\/tourdesarts.com\/en\/events\/\" \/>\n<meta property=\"og:site_name\" content=\"Tour des Arts\" \/>\n<meta property=\"article:publisher\" content=\"https:\/\/www.facebook.com\/letourdesarts\/\" \/>\n<meta property=\"article:modified_time\" content=\"2026-04-01T21:47:14+00:00\" \/>\n<meta property=\"og:image\" content=\"https:\/\/tourdesarts.com\/wp-content\/uploads\/2018\/05\/TDA-2018Facebook-2.jpg\" \/>\n<meta name=\"twitter:card\" content=\"summary_large_image\" \/>\n<meta name=\"twitter:label1\" content=\"Est. reading time\" \/>\n\t<meta name=\"twitter:data1\" content=\"2 minutes\" \/>\n<script type=\"application\/ld+json\" class=\"yoast-schema-graph\">{\"@context\":\"https:\\\/\\\/schema.org\",\"@graph\":[{\"@type\":\"WebPage\",\"@id\":\"https:\\\/\\\/tourdesarts.com\\\/en\\\/events\\\/\",\"url\":\"https:\\\/\\\/tourdesarts.com\\\/en\\\/events\\\/\",\"name\":\"Tour des Arts : Various events around the Tour. Come visit us!\",\"isPartOf\":{\"@id\":\"https:\\\/\\\/tourdesarts.com\\\/en\\\/#website\"},\"primaryImageOfPage\":{\"@id\":\"https:\\\/\\\/tourdesarts.com\\\/en\\\/events\\\/#primaryimage\"},\"image\":{\"@id\":\"https:\\\/\\\/tourdesarts.com\\\/en\\\/events\\\/#primaryimage\"},\"thumbnailUrl\":\"https:\\\/\\\/tourdesarts.com\\\/wp-content\\\/uploads\\\/2025\\\/03\\\/Honeysuckle_Sisters_2024-1.jpg\",\"datePublished\":\"2017-05-15T16:54:38+00:00\",\"dateModified\":\"2026-04-01T21:47:14+00:00\",\"description\":\"Come celebrate the Tour des Arts in the Eastern Townships and enjoy music, theater and dance at our evening events.\",\"breadcrumb\":{\"@id\":\"https:\\\/\\\/tourdesarts.com\\\/en\\\/events\\\/#breadcrumb\"},\"inLanguage\":\"en-US\",\"potentialAction\":[{\"@type\":\"ReadAction\",\"target\":[\"https:\\\/\\\/tourdesarts.com\\\/en\\\/events\\\/\"]}]},{\"@type\":\"ImageObject\",\"inLanguage\":\"en-US\",\"@id\":\"https:\\\/\\\/tourdesarts.com\\\/en\\\/events\\\/#primaryimage\",\"url\":\"https:\\\/\\\/tourdesarts.com\\\/wp-content\\\/uploads\\\/2025\\\/03\\\/Honeysuckle_Sisters_2024-1.jpg\",\"contentUrl\":\"https:\\\/\\\/tourdesarts.com\\\/wp-content\\\/uploads\\\/2025\\\/03\\\/Honeysuckle_Sisters_2024-1.jpg\"},{\"@type\":\"BreadcrumbList\",\"@id\":\"https:\\\/\\\/tourdesarts.com\\\/en\\\/events\\\/#breadcrumb\",\"itemListElement\":[{\"@type\":\"ListItem\",\"position\":1,\"name\":\"Accueil\",\"item\":\"https:\\\/\\\/tourdesarts.com\\\/en\\\/home\\\/\"},{\"@type\":\"ListItem\",\"position\":2,\"name\":\"Events\"}]},{\"@type\":\"WebSite\",\"@id\":\"https:\\\/\\\/tourdesarts.com\\\/en\\\/#website\",\"url\":\"https:\\\/\\\/tourdesarts.com\\\/en\\\/\",\"name\":\"Tour des Arts\",\"description\":\"Venez c\u00e9l\u00e9brer la prochaine \u00e9dition du Tour des Arts dans les magnifiques Cantons de l\u2019Est du Qu\u00e9bec et d\u00e9couvrez des artistes et artisans \u00e0 l\u2019\u0153uvre dans leurs ateliers!\",\"publisher\":{\"@id\":\"https:\\\/\\\/tourdesarts.com\\\/en\\\/#organization\"},\"potentialAction\":[{\"@type\":\"SearchAction\",\"target\":{\"@type\":\"EntryPoint\",\"urlTemplate\":\"https:\\\/\\\/tourdesarts.com\\\/en\\\/?s={search_term_string}\"},\"query-input\":{\"@type\":\"PropertyValueSpecification\",\"valueRequired\":true,\"valueName\":\"search_term_string\"}}],\"inLanguage\":\"en-US\"},{\"@type\":\"Organization\",\"@id\":\"https:\\\/\\\/tourdesarts.com\\\/en\\\/#organization\",\"name\":\"Tour des Arts\",\"url\":\"https:\\\/\\\/tourdesarts.com\\\/en\\\/\",\"logo\":{\"@type\":\"ImageObject\",\"inLanguage\":\"en-US\",\"@id\":\"https:\\\/\\\/tourdesarts.com\\\/en\\\/#\\\/schema\\\/logo\\\/image\\\/\",\"url\":\"https:\\\/\\\/tourdesarts.com\\\/wp-content\\\/uploads\\\/2017\\\/05\\\/icone-du-site.png\",\"contentUrl\":\"https:\\\/\\\/tourdesarts.com\\\/wp-content\\\/uploads\\\/2017\\\/05\\\/icone-du-site.png\",\"width\":512,\"height\":512,\"caption\":\"Tour des Arts\"},\"image\":{\"@id\":\"https:\\\/\\\/tourdesarts.com\\\/en\\\/#\\\/schema\\\/logo\\\/image\\\/\"},\"sameAs\":[\"https:\\\/\\\/www.facebook.com\\\/letourdesarts\\\/\",\"https:\\\/\\\/www.instagram.com\\\/letourdesarts\\\/\"]}]}<\/script>\n<!-- \/ Yoast SEO plugin. -->","yoast_head_json":{"title":"Tour des Arts : Various events around the Tour. Come visit us!","description":"Come celebrate the Tour des Arts in the Eastern Townships and enjoy music, theater and dance at our evening events.","robots":{"index":"index","follow":"follow","max-snippet":"max-snippet:-1","max-image-preview":"max-image-preview:large","max-video-preview":"max-video-preview:-1"},"canonical":"https:\/\/tourdesarts.com\/en\/events\/","og_locale":"en_US","og_type":"article","og_title":"Events around the Tour des Arts","og_description":"From July 11 to 19, 2026","og_url":"https:\/\/tourdesarts.com\/en\/events\/","og_site_name":"Tour des Arts","article_publisher":"https:\/\/www.facebook.com\/letourdesarts\/","article_modified_time":"2026-04-01T21:47:14+00:00","og_image":[{"url":"https:\/\/tourdesarts.com\/wp-content\/uploads\/2018\/05\/TDA-2018Facebook-2.jpg","type":"","width":"","height":""}],"twitter_card":"summary_large_image","twitter_misc":{"Est. reading time":"2 minutes"},"schema":{"@context":"https:\/\/schema.org","@graph":[{"@type":"WebPage","@id":"https:\/\/tourdesarts.com\/en\/events\/","url":"https:\/\/tourdesarts.com\/en\/events\/","name":"Tour des Arts : Various events around the Tour. Come visit us!","isPartOf":{"@id":"https:\/\/tourdesarts.com\/en\/#website"},"primaryImageOfPage":{"@id":"https:\/\/tourdesarts.com\/en\/events\/#primaryimage"},"image":{"@id":"https:\/\/tourdesarts.com\/en\/events\/#primaryimage"},"thumbnailUrl":"https:\/\/tourdesarts.com\/wp-content\/uploads\/2025\/03\/Honeysuckle_Sisters_2024-1.jpg","datePublished":"2017-05-15T16:54:38+00:00","dateModified":"2026-04-01T21:47:14+00:00","description":"Come celebrate the Tour des Arts in the Eastern Townships and enjoy music, theater and dance at our evening events.","breadcrumb":{"@id":"https:\/\/tourdesarts.com\/en\/events\/#breadcrumb"},"inLanguage":"en-US","potentialAction":[{"@type":"ReadAction","target":["https:\/\/tourdesarts.com\/en\/events\/"]}]},{"@type":"ImageObject","inLanguage":"en-US","@id":"https:\/\/tourdesarts.com\/en\/events\/#primaryimage","url":"https:\/\/tourdesarts.com\/wp-content\/uploads\/2025\/03\/Honeysuckle_Sisters_2024-1.jpg","contentUrl":"https:\/\/tourdesarts.com\/wp-content\/uploads\/2025\/03\/Honeysuckle_Sisters_2024-1.jpg"},{"@type":"BreadcrumbList","@id":"https:\/\/tourdesarts.com\/en\/events\/#breadcrumb","itemListElement":[{"@type":"ListItem","position":1,"name":"Accueil","item":"https:\/\/tourdesarts.com\/en\/home\/"},{"@type":"ListItem","position":2,"name":"Events"}]},{"@type":"WebSite","@id":"https:\/\/tourdesarts.com\/en\/#website","url":"https:\/\/tourdesarts.com\/en\/","name":"Tour des Arts","description":"Venez c\u00e9l\u00e9brer la prochaine \u00e9dition du Tour des Arts dans les magnifiques Cantons de l\u2019Est du Qu\u00e9bec et d\u00e9couvrez des artistes et artisans \u00e0 l\u2019\u0153uvre dans leurs ateliers!","publisher":{"@id":"https:\/\/tourdesarts.com\/en\/#organization"},"potentialAction":[{"@type":"SearchAction","target":{"@type":"EntryPoint","urlTemplate":"https:\/\/tourdesarts.com\/en\/?s={search_term_string}"},"query-input":{"@type":"PropertyValueSpecification","valueRequired":true,"valueName":"search_term_string"}}],"inLanguage":"en-US"},{"@type":"Organization","@id":"https:\/\/tourdesarts.com\/en\/#organization","name":"Tour des Arts","url":"https:\/\/tourdesarts.com\/en\/","logo":{"@type":"ImageObject","inLanguage":"en-US","@id":"https:\/\/tourdesarts.com\/en\/#\/schema\/logo\/image\/","url":"https:\/\/tourdesarts.com\/wp-content\/uploads\/2017\/05\/icone-du-site.png","contentUrl":"https:\/\/tourdesarts.com\/wp-content\/uploads\/2017\/05\/icone-du-site.png","width":512,"height":512,"caption":"Tour des Arts"},"image":{"@id":"https:\/\/tourdesarts.com\/en\/#\/schema\/logo\/image\/"},"sameAs":["https:\/\/www.facebook.com\/letourdesarts\/","https:\/\/www.instagram.com\/letourdesarts\/"]}]}},"_links":{"self":[{"href":"https:\/\/tourdesarts.com\/en\/wp-json\/wp\/v2\/pages\/20642","targetHints":{"allow":["GET"]}}],"collection":[{"href":"https:\/\/tourdesarts.com\/en\/wp-json\/wp\/v2\/pages"}],"about":[{"href":"https:\/\/tourdesarts.com\/en\/wp-json\/wp\/v2\/types\/page"}],"author":[{"embeddable":true,"href":"https:\/\/tourdesarts.com\/en\/wp-json\/wp\/v2\/users\/2"}],"replies":[{"embeddable":true,"href":"https:\/\/tourdesarts.com\/en\/wp-json\/wp\/v2\/comments?post=20642"}],"version-history":[{"count":0,"href":"https:\/\/tourdesarts.com\/en\/wp-json\/wp\/v2\/pages\/20642\/revisions"}],"wp:attachment":[{"href":"https:\/\/tourdesarts.com\/en\/wp-json\/wp\/v2\/media?parent=20642"}],"curies":[{"name":"wp","href":"https:\/\/api.w.org\/{rel}","templated":true}]}}