{"id":18617,"date":"2017-05-14T12:58:22","date_gmt":"2017-05-14T16:58:22","guid":{"rendered":"https:\/\/tourdesarts.com\/contact\/"},"modified":"2023-05-18T17:29:09","modified_gmt":"2023-05-18T21:29:09","slug":"contact","status":"publish","type":"page","link":"https:\/\/tourdesarts.com\/en\/contact\/","title":{"rendered":"Contact"},"content":{"rendered":"\n<h1>\n\t\tContact Tour des Arts\n\t<\/h1>\n\t<p>Established in 1988 the &#8216;Tour des Arts&#8217; is the oldest studio tour and sale in Quebec. This annual event invites you to delve into the unique world of artists in their own studios, their picturesque homes and gardens. We invite you to touch, learn and understand our creative processes and observe us at work during one of our demonstrations.<\/p>\n<p>Located around the Sutton Mountain Range, the northern-most part of the Green Mountains, this part of Quebec&#8217;s Eastern Townships hosts Canada&#8217;s highest artist-per-capita ratio, vibrant young communities, stunning vistas and quaint pastoral atmospheres. It is as inviting for artistic inspiration as it is for driving or biking from studio to studio.<\/p>\n<form>\n\t<input type=\"hidden\" name=\"fl-layout-id\" value=\"18617\" \/>\n\t    \t<h3>Send us a message<\/h3>\n    \t\t<label for=\"pp-name-\">Name<\/label>\n    \t\tPlease enter your name.\n    \t\t<input type=\"text\" name=\"pp-name\" id=\"pp-name-\" value=\"\" placeholder=\"Name\"  \/>\n    \t\t<label for=\"pp-email-\">Email<\/label>\n    \t\tPlease enter a valid email address.\n    \t\t<input type=\"email\" name=\"pp-email\" id=\"pp-email-\" value=\"\" placeholder=\"Email\"  \/>\n    \t\t<label for=\"pp-message-\">Your Message<\/label>\n    \t\tPlease type your message.\n    \t\t<textarea name=\"pp-message\" id=\"pp-message-\" placeholder=\"Your Message\"><\/textarea>\n    \t<a href=\"#\" target=\"_self\" role=\"button\" rel=\"noopener\">\n    \t\t    \t\t    \t\tSend\n    \t\t    \t\t    \t<\/a>\n\t\t\tLe message a \u00e9chou\u00e9. Veuillez r\u00e9essayer.\n<\/form>\n  <p>Thank you for your message! We will be in touch soon.<\/p>\n<h3>\n\t\tPlease contact us at\n\t<\/h3>\n\t<strong>Tour des Arts<\/strong><br \/>\nA\/S Pina Macku<br \/>\n1390, ch. Mont-Echo<br \/>\nSutton Qc J0E 2K0\n\t<h3>You are an artist living in the area and would like to become a member of the Tour des Arts?<\/h3>\n<p>Please visit <a href=\"https:\/\/tourdesarts.com\/en\/apply\/\">our application page<\/a>.<\/p>\n\t\t\t<a href=\"https:\/\/tourdesarts.com\/en\/apply\/\" target=\"_self\" role=\"button\" rel=\"noopener\">\n\t\t\t\t\t\t\tI apply\n\t\t\t\t\t<\/a>\n<h3>\n\t\tAccess to the Members&#8217; website\n\t<\/h3>\n\t<p>You need your username and password to access this working space.<\/p>\n\t\t\t<a href=\"https:\/\/tourdesarts.com\/membres\/\" target=\"_self\" role=\"button\" rel=\"noopener\">\n\t\t\t\t\t\t\tMember&#8217;s Website\n\t\t\t\t\t<\/a>\n\n","protected":false},"excerpt":{"rendered":"<p>Contact Tour des Arts Established in 1988 the &#8216;Tour des Arts&#8217; is the oldest studio tour and sale in Quebec. This annual event invites you to delve into the unique world of artists in their own studios, their picturesque homes and gardens. We invite you to touch, learn and understand our creative processes and observe&hellip;<\/p>\n","protected":false},"author":2,"featured_media":0,"parent":0,"menu_order":100,"comment_status":"closed","ping_status":"closed","template":"","meta":{"_acf_changed":false,"footnotes":""},"class_list":["post-18617","page","type-page","status-publish","hentry"],"acf":[],"yoast_head":"<!-- This site is optimized with the Yoast SEO plugin v27.3 - https:\/\/yoast.com\/product\/yoast-seo-wordpress\/ -->\n<title>Contact Tour des Arts<\/title>\n<meta name=\"description\" content=\"Contact us. Established in 1988 the \u2018Tour des Arts\u2019 is the oldest studio tour and sale in Quebec.\" \/>\n<meta name=\"robots\" content=\"index, follow, max-snippet:-1, max-image-preview:large, max-video-preview:-1\" \/>\n<link rel=\"canonical\" href=\"https:\/\/tourdesarts.com\/en\/contact\/\" \/>\n<meta property=\"og:locale\" content=\"en_US\" \/>\n<meta property=\"og:type\" content=\"article\" \/>\n<meta property=\"og:title\" content=\"Contact Tour des Arts\" \/>\n<meta property=\"og:description\" content=\"Contact us. Established in 1988 the \u2018Tour des Arts\u2019 is the oldest studio tour and sale in Quebec.\" \/>\n<meta property=\"og:url\" content=\"https:\/\/tourdesarts.com\/en\/contact\/\" \/>\n<meta property=\"og:site_name\" content=\"Tour des Arts\" \/>\n<meta property=\"article:publisher\" content=\"https:\/\/www.facebook.com\/letourdesarts\/\" \/>\n<meta property=\"article:modified_time\" content=\"2023-05-18T21:29:09+00:00\" \/>\n<meta property=\"og:image\" content=\"https:\/\/tourdesarts.com\/wp-content\/uploads\/2018\/05\/TDA-2018Facebook-2.jpg\" \/>\n<meta name=\"twitter:card\" content=\"summary_large_image\" \/>\n<meta name=\"twitter:label1\" content=\"Est. reading time\" \/>\n\t<meta name=\"twitter:data1\" content=\"1 minute\" \/>\n<script type=\"application\/ld+json\" class=\"yoast-schema-graph\">{\"@context\":\"https:\\\/\\\/schema.org\",\"@graph\":[{\"@type\":\"WebPage\",\"@id\":\"https:\\\/\\\/tourdesarts.com\\\/en\\\/contact\\\/\",\"url\":\"https:\\\/\\\/tourdesarts.com\\\/en\\\/contact\\\/\",\"name\":\"Contact Tour des Arts\",\"isPartOf\":{\"@id\":\"https:\\\/\\\/tourdesarts.com\\\/en\\\/#website\"},\"datePublished\":\"2017-05-14T16:58:22+00:00\",\"dateModified\":\"2023-05-18T21:29:09+00:00\",\"description\":\"Contact us. Established in 1988 the \u2018Tour des Arts\u2019 is the oldest studio tour and sale in Quebec.\",\"breadcrumb\":{\"@id\":\"https:\\\/\\\/tourdesarts.com\\\/en\\\/contact\\\/#breadcrumb\"},\"inLanguage\":\"en-US\",\"potentialAction\":[{\"@type\":\"ReadAction\",\"target\":[\"https:\\\/\\\/tourdesarts.com\\\/en\\\/contact\\\/\"]}]},{\"@type\":\"BreadcrumbList\",\"@id\":\"https:\\\/\\\/tourdesarts.com\\\/en\\\/contact\\\/#breadcrumb\",\"itemListElement\":[{\"@type\":\"ListItem\",\"position\":1,\"name\":\"Accueil\",\"item\":\"https:\\\/\\\/tourdesarts.com\\\/en\\\/home\\\/\"},{\"@type\":\"ListItem\",\"position\":2,\"name\":\"Contact\"}]},{\"@type\":\"WebSite\",\"@id\":\"https:\\\/\\\/tourdesarts.com\\\/en\\\/#website\",\"url\":\"https:\\\/\\\/tourdesarts.com\\\/en\\\/\",\"name\":\"Tour des Arts\",\"description\":\"Venez c\u00e9l\u00e9brer la prochaine \u00e9dition du Tour des Arts dans les magnifiques Cantons de l\u2019Est du Qu\u00e9bec et d\u00e9couvrez des artistes et artisans \u00e0 l\u2019\u0153uvre dans leurs ateliers!\",\"publisher\":{\"@id\":\"https:\\\/\\\/tourdesarts.com\\\/en\\\/#organization\"},\"potentialAction\":[{\"@type\":\"SearchAction\",\"target\":{\"@type\":\"EntryPoint\",\"urlTemplate\":\"https:\\\/\\\/tourdesarts.com\\\/en\\\/?s={search_term_string}\"},\"query-input\":{\"@type\":\"PropertyValueSpecification\",\"valueRequired\":true,\"valueName\":\"search_term_string\"}}],\"inLanguage\":\"en-US\"},{\"@type\":\"Organization\",\"@id\":\"https:\\\/\\\/tourdesarts.com\\\/en\\\/#organization\",\"name\":\"Tour des Arts\",\"url\":\"https:\\\/\\\/tourdesarts.com\\\/en\\\/\",\"logo\":{\"@type\":\"ImageObject\",\"inLanguage\":\"en-US\",\"@id\":\"https:\\\/\\\/tourdesarts.com\\\/en\\\/#\\\/schema\\\/logo\\\/image\\\/\",\"url\":\"https:\\\/\\\/tourdesarts.com\\\/wp-content\\\/uploads\\\/2017\\\/05\\\/icone-du-site.png\",\"contentUrl\":\"https:\\\/\\\/tourdesarts.com\\\/wp-content\\\/uploads\\\/2017\\\/05\\\/icone-du-site.png\",\"width\":512,\"height\":512,\"caption\":\"Tour des Arts\"},\"image\":{\"@id\":\"https:\\\/\\\/tourdesarts.com\\\/en\\\/#\\\/schema\\\/logo\\\/image\\\/\"},\"sameAs\":[\"https:\\\/\\\/www.facebook.com\\\/letourdesarts\\\/\",\"https:\\\/\\\/www.instagram.com\\\/letourdesarts\\\/\"]}]}<\/script>\n<!-- \/ Yoast SEO plugin. -->","yoast_head_json":{"title":"Contact Tour des Arts","description":"Contact us. Established in 1988 the \u2018Tour des Arts\u2019 is the oldest studio tour and sale in Quebec.","robots":{"index":"index","follow":"follow","max-snippet":"max-snippet:-1","max-image-preview":"max-image-preview:large","max-video-preview":"max-video-preview:-1"},"canonical":"https:\/\/tourdesarts.com\/en\/contact\/","og_locale":"en_US","og_type":"article","og_title":"Contact Tour des Arts","og_description":"Contact us. Established in 1988 the \u2018Tour des Arts\u2019 is the oldest studio tour and sale in Quebec.","og_url":"https:\/\/tourdesarts.com\/en\/contact\/","og_site_name":"Tour des Arts","article_publisher":"https:\/\/www.facebook.com\/letourdesarts\/","article_modified_time":"2023-05-18T21:29:09+00:00","og_image":[{"url":"https:\/\/tourdesarts.com\/wp-content\/uploads\/2018\/05\/TDA-2018Facebook-2.jpg","type":"","width":"","height":""}],"twitter_card":"summary_large_image","twitter_misc":{"Est. reading time":"1 minute"},"schema":{"@context":"https:\/\/schema.org","@graph":[{"@type":"WebPage","@id":"https:\/\/tourdesarts.com\/en\/contact\/","url":"https:\/\/tourdesarts.com\/en\/contact\/","name":"Contact Tour des Arts","isPartOf":{"@id":"https:\/\/tourdesarts.com\/en\/#website"},"datePublished":"2017-05-14T16:58:22+00:00","dateModified":"2023-05-18T21:29:09+00:00","description":"Contact us. Established in 1988 the \u2018Tour des Arts\u2019 is the oldest studio tour and sale in Quebec.","breadcrumb":{"@id":"https:\/\/tourdesarts.com\/en\/contact\/#breadcrumb"},"inLanguage":"en-US","potentialAction":[{"@type":"ReadAction","target":["https:\/\/tourdesarts.com\/en\/contact\/"]}]},{"@type":"BreadcrumbList","@id":"https:\/\/tourdesarts.com\/en\/contact\/#breadcrumb","itemListElement":[{"@type":"ListItem","position":1,"name":"Accueil","item":"https:\/\/tourdesarts.com\/en\/home\/"},{"@type":"ListItem","position":2,"name":"Contact"}]},{"@type":"WebSite","@id":"https:\/\/tourdesarts.com\/en\/#website","url":"https:\/\/tourdesarts.com\/en\/","name":"Tour des Arts","description":"Venez c\u00e9l\u00e9brer la prochaine \u00e9dition du Tour des Arts dans les magnifiques Cantons de l\u2019Est du Qu\u00e9bec et d\u00e9couvrez des artistes et artisans \u00e0 l\u2019\u0153uvre dans leurs ateliers!","publisher":{"@id":"https:\/\/tourdesarts.com\/en\/#organization"},"potentialAction":[{"@type":"SearchAction","target":{"@type":"EntryPoint","urlTemplate":"https:\/\/tourdesarts.com\/en\/?s={search_term_string}"},"query-input":{"@type":"PropertyValueSpecification","valueRequired":true,"valueName":"search_term_string"}}],"inLanguage":"en-US"},{"@type":"Organization","@id":"https:\/\/tourdesarts.com\/en\/#organization","name":"Tour des Arts","url":"https:\/\/tourdesarts.com\/en\/","logo":{"@type":"ImageObject","inLanguage":"en-US","@id":"https:\/\/tourdesarts.com\/en\/#\/schema\/logo\/image\/","url":"https:\/\/tourdesarts.com\/wp-content\/uploads\/2017\/05\/icone-du-site.png","contentUrl":"https:\/\/tourdesarts.com\/wp-content\/uploads\/2017\/05\/icone-du-site.png","width":512,"height":512,"caption":"Tour des Arts"},"image":{"@id":"https:\/\/tourdesarts.com\/en\/#\/schema\/logo\/image\/"},"sameAs":["https:\/\/www.facebook.com\/letourdesarts\/","https:\/\/www.instagram.com\/letourdesarts\/"]}]}},"_links":{"self":[{"href":"https:\/\/tourdesarts.com\/en\/wp-json\/wp\/v2\/pages\/18617","targetHints":{"allow":["GET"]}}],"collection":[{"href":"https:\/\/tourdesarts.com\/en\/wp-json\/wp\/v2\/pages"}],"about":[{"href":"https:\/\/tourdesarts.com\/en\/wp-json\/wp\/v2\/types\/page"}],"author":[{"embeddable":true,"href":"https:\/\/tourdesarts.com\/en\/wp-json\/wp\/v2\/users\/2"}],"replies":[{"embeddable":true,"href":"https:\/\/tourdesarts.com\/en\/wp-json\/wp\/v2\/comments?post=18617"}],"version-history":[{"count":2,"href":"https:\/\/tourdesarts.com\/en\/wp-json\/wp\/v2\/pages\/18617\/revisions"}],"predecessor-version":[{"id":20342,"href":"https:\/\/tourdesarts.com\/en\/wp-json\/wp\/v2\/pages\/18617\/revisions\/20342"}],"wp:attachment":[{"href":"https:\/\/tourdesarts.com\/en\/wp-json\/wp\/v2\/media?parent=18617"}],"curies":[{"name":"wp","href":"https:\/\/api.w.org\/{rel}","templated":true}]}}